{"id":1259,"date":"2024-08-10T16:47:00","date_gmt":"2024-08-10T14:47:00","guid":{"rendered":"https:\/\/www.r-h-autologistik.de\/impressum\/"},"modified":"2025-01-17T14:06:38","modified_gmt":"2025-01-17T13:06:38","slug":"imprint","status":"publish","type":"page","link":"https:\/\/www.r-h-autologistik.de\/en\/imprint\/","title":{"rendered":"Imprint"},"content":{"rendered":"<div class=\"lazyblock-double-headline-ZaUqJb wp-block-lazyblock-double-headline\"><div class=\"dsnet-block-doubleheadline\">\n  <div class=\"upper\">R+H Autologistik GmbH &#038; Co.KG \/ Imprint<\/div>\n  <div class=\"lower\">Imprint<\/div>\n<\/div><\/div>\n\n\n<div style=\"height:100px\" aria-hidden=\"true\" class=\"wp-block-spacer\"><\/div>\n\n\n\n<div class=\"wp-block-columns is-layout-flex wp-container-core-columns-is-layout-9d6595d7 wp-block-columns-is-layout-flex\">\n<div class=\"wp-block-column is-layout-flow wp-block-column-is-layout-flow\" style=\"flex-basis:66.66%\">\n<h3 class=\"wp-block-heading\"><strong>Angaben gem\u00e4\u00df \u00a7 5 DDG:<\/strong><\/h3>\n\n\n\n<p>R+H Autologistik GmbH &amp; Co.KG<br>M\u00fcnchener Str. 1<br>64521 Gro\u00df-Gerau<\/p>\n\n\n\n<h3 class=\"wp-block-heading\"><strong>Vertreten durch:<\/strong><\/h3>\n\n\n\n<p>R+H Verwaltungs GmbH (Registergericht Darmstadt, HRB 95435), diese Vertretung durch die Gesch\u00e4ftsf\u00fchrer J\u00fcrgen Haas und Benjamin Haas<\/p>\n\n\n\n<h3 class=\"wp-block-heading\"><strong>Kontakt:<\/strong><\/h3>\n\n\n\n<p>Telefon: +49 6152 7101 0<br>E-Mail: <a href=\"mailto:b.haas@r-h-autologistik.de\">info@r-h-autologistik.de<\/a><\/p>\n\n\n\n<h3 class=\"wp-block-heading\"><strong>Registereintrag:<\/strong><\/h3>\n\n\n\n<p>Registergericht:Amtsgericht Darmstadt<br>Registernummer: HRA85674<\/p>\n\n\n\n<h3 class=\"wp-block-heading\"><strong>Umsatzsteuer:<\/strong><\/h3>\n\n\n\n<p>Umsatzsteuer-Identifikationsnummer gem\u00e4\u00df \u00a727 a Umsatzsteuergesetz: DE306064795<br>Steuer-Nr.: 02135900108<\/p>\n\n\n\n<h3 class=\"wp-block-heading\"><strong>Streitschlichtung<\/strong><\/h3>\n\n\n\n<p>Die Europ\u00e4ische Kommission stellt eine Plattform zur Online-Streitbeilegung (OS) bereit: <a href=\"https:\/\/ec.europa.eu\/consumers\/odr\" target=\"_blank\" rel=\"noreferrer noopener\">https:\/\/ec.europa.eu\/consumers\/odr<\/a>.<br>Unsere E-Mail-Adresse finden Sie oben im Impressum.<\/p>\n\n\n\n<p>Wir sind nicht bereit oder verpflichtet, an Streitbeilegungsverfahren vor einer Verbraucherschlichtungsstelle teilzunehmen.<\/p>\n\n\n\n<h3 class=\"wp-block-heading\"><strong>Haftung f\u00fcr Inhalte<\/strong><\/h3>\n\n\n\n<p>Als Diensteanbieter sind wir gem\u00e4\u00df \u00a7 7 Abs.1 TMG f\u00fcr eigene Inhalte auf diesen Seiten nach den allgemeinen Gesetzen verantwortlich. Nach \u00a7\u00a7 8 bis 10 TMG sind wir als Diensteanbieter jedoch nicht verpflichtet, \u00fcbermittelte oder gespeicherte fremde Informationen zu \u00fcberwachen oder nach Umst\u00e4nden zu forschen, die auf eine rechtswidrige T\u00e4tigkeit hinweisen.  <\/p>\n\n\n\n<p>Verpflichtungen zur Entfernung oder Sperrung der Nutzung von Informationen nach den allgemeinen Gesetzen bleiben hiervon unber\u00fchrt. Eine diesbez\u00fcgliche Haftung ist jedoch erst ab dem Zeitpunkt der Kenntnis einer konkreten Rechtsverletzung m\u00f6glich. Bei Bekanntwerden von entsprechenden Rechtsverletzungen werden wir diese Inhalte umgehend entfernen.  <\/p>\n\n\n\n<h3 class=\"wp-block-heading\"><strong>Haftung f\u00fcr Links<\/strong><\/h3>\n\n\n\n<p>Unser Angebot enth\u00e4lt Links zu externen Websites Dritter, auf deren Inhalte wir keinen Einfluss haben. Deshalb k\u00f6nnen wir f\u00fcr diese fremden Inhalte auch keine Gew\u00e4hr \u00fcbernehmen. F\u00fcr die Inhalte der verlinkten Seiten ist stets der jeweilige Anbieter oder Betreiber der Seiten verantwortlich. Die verlinkten Seiten wurden zum Zeitpunkt der Verlinkung auf m\u00f6gliche Rechtsverst\u00f6\u00dfe \u00fcberpr\u00fcft. Rechtswidrige Inhalte waren zum Zeitpunkt der Verlinkung nicht erkennbar.    <\/p>\n\n\n\n<p>Eine permanente inhaltliche Kontrolle der verlinkten Seiten ist jedoch ohne konkrete Anhaltspunkte einer Rechtsverletzung nicht zumutbar. Bei Bekanntwerden von Rechtsverletzungen werden wir derartige Links umgehend entfernen. <\/p>\n\n\n\n<h3 class=\"wp-block-heading\"><strong>Urheberrecht<\/strong><\/h3>\n\n\n\n<p>Die durch die Seitenbetreiber erstellten Inhalte und Werke auf diesen Seiten unterliegen dem deutschen Urheberrecht. Die Vervielf\u00e4ltigung, Bearbeitung, Verbreitung und jede Art der Verwertung au\u00dferhalb der Grenzen des Urheberrechtes bed\u00fcrfen der schriftlichen Zustimmung des jeweiligen Autors bzw. Erstellers. Downloads und Kopien dieser Seite sind nur f\u00fcr den privaten, nicht kommerziellen Gebrauch gestattet.  <\/p>\n\n\n\n<p>Soweit die Inhalte auf dieser Seite nicht vom Betreiber erstellt wurden, werden die Urheberrechte Dritter beachtet. Insbesondere werden Inhalte Dritter als solche gekennzeichnet. Sollten Sie trotzdem auf eine Urheberrechtsverletzung aufmerksam werden, bitten wir um einen entsprechenden Hinweis. Bei Bekanntwerden von Rechtsverletzungen werden wir derartige Inhalte umgehend entfernen.   <\/p>\n\n\n\n<h3 class=\"wp-block-heading\"><strong>Bilder und grafische Inhalte der Website:<\/strong><\/h3>\n\n\n\n<p>\u00a9R-H-Autologistik, Fotolia: #35109611 \u00a9 cirquedesprit, #88701776 \u00a9 ra2 studio<\/p>\n<\/div>\n\n\n\n<div class=\"wp-block-column is-layout-flow wp-block-column-is-layout-flow\" style=\"flex-basis:33.33%\"><\/div>\n<\/div>\n","protected":false},"excerpt":{"rendered":"<p>Angaben gem\u00e4\u00df \u00a7 5 DDG: R+H Autologistik GmbH &amp; Co.KGM\u00fcnchener Str. 164521 Gro\u00df-Gerau Vertreten durch: R+H Verwaltungs GmbH (Registergericht Darmstadt, HRB 95435), diese Vertretung durch die Gesch\u00e4ftsf\u00fchrer J\u00fcrgen Haas und Benjamin Haas Kontakt: Telefon: +49 6152 7101 0E-Mail: info@r-h-autologistik.de Registereintrag: Registergericht:Amtsgericht DarmstadtRegisternummer: HRA85674 Umsatzsteuer: Umsatzsteuer-Identifikationsnummer gem\u00e4\u00df \u00a727 a Umsatzsteuergesetz: DE306064795Steuer-Nr.: 02135900108 Streitschlichtung Die Europ\u00e4ische Kommission [&hellip;]<\/p>\n","protected":false},"author":1,"featured_media":0,"parent":0,"menu_order":500,"comment_status":"closed","ping_status":"closed","template":"","meta":{"footnotes":""},"class_list":["post-1259","page","type-page","status-publish","hentry"],"yoast_head":"<!-- This site is optimized with the Yoast SEO plugin v27.3 - https:\/\/yoast.com\/product\/yoast-seo-wordpress\/ -->\n<title>Imprint &#8226; R+H Autologistik GmbH &amp; Co.KG<\/title>\n<meta name=\"robots\" content=\"index, follow, max-snippet:-1, max-image-preview:large, max-video-preview:-1\" \/>\n<link rel=\"canonical\" href=\"https:\/\/www.r-h-autologistik.de\/en\/imprint\/\" \/>\n<meta property=\"og:locale\" content=\"en_US\" \/>\n<meta property=\"og:type\" content=\"article\" \/>\n<meta property=\"og:title\" content=\"Imprint &#8226; R+H Autologistik GmbH &amp; Co.KG\" \/>\n<meta property=\"og:description\" content=\"Angaben gem\u00e4\u00df \u00a7 5 DDG: R+H Autologistik GmbH &amp; Co.KGM\u00fcnchener Str. 164521 Gro\u00df-Gerau Vertreten durch: R+H Verwaltungs GmbH (Registergericht Darmstadt, HRB 95435), diese Vertretung durch die Gesch\u00e4ftsf\u00fchrer J\u00fcrgen Haas und Benjamin Haas Kontakt: Telefon: +49 6152 7101 0E-Mail: info@r-h-autologistik.de Registereintrag: Registergericht:Amtsgericht DarmstadtRegisternummer: HRA85674 Umsatzsteuer: Umsatzsteuer-Identifikationsnummer gem\u00e4\u00df \u00a727 a Umsatzsteuergesetz: DE306064795Steuer-Nr.: 02135900108 Streitschlichtung Die Europ\u00e4ische Kommission [&hellip;]\" \/>\n<meta property=\"og:url\" content=\"https:\/\/www.r-h-autologistik.de\/en\/imprint\/\" \/>\n<meta property=\"og:site_name\" content=\"R+H Autologistik GmbH &amp; Co.KG\" \/>\n<meta property=\"article:modified_time\" content=\"2025-01-17T13:06:38+00:00\" \/>\n<script type=\"application\/ld+json\" class=\"yoast-schema-graph\">{\"@context\":\"https:\\\/\\\/schema.org\",\"@graph\":[{\"@type\":\"WebPage\",\"@id\":\"https:\\\/\\\/www.r-h-autologistik.de\\\/en\\\/imprint\\\/\",\"url\":\"https:\\\/\\\/www.r-h-autologistik.de\\\/en\\\/imprint\\\/\",\"name\":\"Imprint &#8226; R+H Autologistik GmbH &amp; Co.KG\",\"isPartOf\":{\"@id\":\"https:\\\/\\\/www.r-h-autologistik.de\\\/en\\\/#website\"},\"datePublished\":\"2024-08-10T14:47:00+00:00\",\"dateModified\":\"2025-01-17T13:06:38+00:00\",\"breadcrumb\":{\"@id\":\"https:\\\/\\\/www.r-h-autologistik.de\\\/en\\\/imprint\\\/#breadcrumb\"},\"inLanguage\":\"en-US\",\"potentialAction\":[{\"@type\":\"ReadAction\",\"target\":[\"https:\\\/\\\/www.r-h-autologistik.de\\\/en\\\/imprint\\\/\"]}]},{\"@type\":\"BreadcrumbList\",\"@id\":\"https:\\\/\\\/www.r-h-autologistik.de\\\/en\\\/imprint\\\/#breadcrumb\",\"itemListElement\":[{\"@type\":\"ListItem\",\"position\":1,\"name\":\"Startseite\",\"item\":\"https:\\\/\\\/www.r-h-autologistik.de\\\/en\\\/\"},{\"@type\":\"ListItem\",\"position\":2,\"name\":\"Imprint\"}]},{\"@type\":\"WebSite\",\"@id\":\"https:\\\/\\\/www.r-h-autologistik.de\\\/en\\\/#website\",\"url\":\"https:\\\/\\\/www.r-h-autologistik.de\\\/en\\\/\",\"name\":\"R+H Autologistik GmbH &amp; Co.KG\",\"description\":\"INTERNATIONAL. ZUVERL\u00c4SSIG. SICHER.\\u2028\",\"potentialAction\":[{\"@type\":\"SearchAction\",\"target\":{\"@type\":\"EntryPoint\",\"urlTemplate\":\"https:\\\/\\\/www.r-h-autologistik.de\\\/en\\\/?s={search_term_string}\"},\"query-input\":{\"@type\":\"PropertyValueSpecification\",\"valueRequired\":true,\"valueName\":\"search_term_string\"}}],\"inLanguage\":\"en-US\"}]}<\/script>\n<!-- \/ Yoast SEO plugin. -->","yoast_head_json":{"title":"Imprint &#8226; R+H Autologistik GmbH &amp; Co.KG","robots":{"index":"index","follow":"follow","max-snippet":"max-snippet:-1","max-image-preview":"max-image-preview:large","max-video-preview":"max-video-preview:-1"},"canonical":"https:\/\/www.r-h-autologistik.de\/en\/imprint\/","og_locale":"en_US","og_type":"article","og_title":"Imprint &#8226; R+H Autologistik GmbH &amp; Co.KG","og_description":"Angaben gem\u00e4\u00df \u00a7 5 DDG: R+H Autologistik GmbH &amp; Co.KGM\u00fcnchener Str. 164521 Gro\u00df-Gerau Vertreten durch: R+H Verwaltungs GmbH (Registergericht Darmstadt, HRB 95435), diese Vertretung durch die Gesch\u00e4ftsf\u00fchrer J\u00fcrgen Haas und Benjamin Haas Kontakt: Telefon: +49 6152 7101 0E-Mail: info@r-h-autologistik.de Registereintrag: Registergericht:Amtsgericht DarmstadtRegisternummer: HRA85674 Umsatzsteuer: Umsatzsteuer-Identifikationsnummer gem\u00e4\u00df \u00a727 a Umsatzsteuergesetz: DE306064795Steuer-Nr.: 02135900108 Streitschlichtung Die Europ\u00e4ische Kommission [&hellip;]","og_url":"https:\/\/www.r-h-autologistik.de\/en\/imprint\/","og_site_name":"R+H Autologistik GmbH &amp; Co.KG","article_modified_time":"2025-01-17T13:06:38+00:00","schema":{"@context":"https:\/\/schema.org","@graph":[{"@type":"WebPage","@id":"https:\/\/www.r-h-autologistik.de\/en\/imprint\/","url":"https:\/\/www.r-h-autologistik.de\/en\/imprint\/","name":"Imprint &#8226; R+H Autologistik GmbH &amp; Co.KG","isPartOf":{"@id":"https:\/\/www.r-h-autologistik.de\/en\/#website"},"datePublished":"2024-08-10T14:47:00+00:00","dateModified":"2025-01-17T13:06:38+00:00","breadcrumb":{"@id":"https:\/\/www.r-h-autologistik.de\/en\/imprint\/#breadcrumb"},"inLanguage":"en-US","potentialAction":[{"@type":"ReadAction","target":["https:\/\/www.r-h-autologistik.de\/en\/imprint\/"]}]},{"@type":"BreadcrumbList","@id":"https:\/\/www.r-h-autologistik.de\/en\/imprint\/#breadcrumb","itemListElement":[{"@type":"ListItem","position":1,"name":"Startseite","item":"https:\/\/www.r-h-autologistik.de\/en\/"},{"@type":"ListItem","position":2,"name":"Imprint"}]},{"@type":"WebSite","@id":"https:\/\/www.r-h-autologistik.de\/en\/#website","url":"https:\/\/www.r-h-autologistik.de\/en\/","name":"R+H Autologistik GmbH &amp; Co.KG","description":"INTERNATIONAL. ZUVERL\u00c4SSIG. SICHER.\u2028","potentialAction":[{"@type":"SearchAction","target":{"@type":"EntryPoint","urlTemplate":"https:\/\/www.r-h-autologistik.de\/en\/?s={search_term_string}"},"query-input":{"@type":"PropertyValueSpecification","valueRequired":true,"valueName":"search_term_string"}}],"inLanguage":"en-US"}]}},"_links":{"self":[{"href":"https:\/\/www.r-h-autologistik.de\/en\/wp-json\/wp\/v2\/pages\/1259","targetHints":{"allow":["GET"]}}],"collection":[{"href":"https:\/\/www.r-h-autologistik.de\/en\/wp-json\/wp\/v2\/pages"}],"about":[{"href":"https:\/\/www.r-h-autologistik.de\/en\/wp-json\/wp\/v2\/types\/page"}],"author":[{"embeddable":true,"href":"https:\/\/www.r-h-autologistik.de\/en\/wp-json\/wp\/v2\/users\/1"}],"replies":[{"embeddable":true,"href":"https:\/\/www.r-h-autologistik.de\/en\/wp-json\/wp\/v2\/comments?post=1259"}],"version-history":[{"count":4,"href":"https:\/\/www.r-h-autologistik.de\/en\/wp-json\/wp\/v2\/pages\/1259\/revisions"}],"predecessor-version":[{"id":1368,"href":"https:\/\/www.r-h-autologistik.de\/en\/wp-json\/wp\/v2\/pages\/1259\/revisions\/1368"}],"wp:attachment":[{"href":"https:\/\/www.r-h-autologistik.de\/en\/wp-json\/wp\/v2\/media?parent=1259"}],"curies":[{"name":"wp","href":"https:\/\/api.w.org\/{rel}","templated":true}]}}