{"id":1280,"date":"2024-10-18T17:12:03","date_gmt":"2024-10-18T15:12:03","guid":{"rendered":"https:\/\/www.r-h-autologistik.de\/soziale-verantwortung\/"},"modified":"2024-11-06T11:12:41","modified_gmt":"2024-11-06T10:12:41","slug":"social-responsibility","status":"publish","type":"page","link":"https:\/\/www.r-h-autologistik.de\/en\/social-responsibility\/","title":{"rendered":"Social responsibility"},"content":{"rendered":"<div class=\"lazyblock-double-headline-ZiDiKr wp-block-lazyblock-double-headline\"><div class=\"dsnet-block-doubleheadline\">\n  <div class=\"upper\">R+H Autologistik GmbH &#038; Co.KG<\/div>\n  <div class=\"lower\">Social responsibility<\/div>\n<\/div><\/div>\n\n\n<div class=\"wp-block-columns is-layout-flex wp-container-core-columns-is-layout-9d6595d7 wp-block-columns-is-layout-flex\">\n<div class=\"wp-block-column is-layout-flow wp-block-column-is-layout-flow\" style=\"flex-basis:66.66%\">\n<figure class=\"wp-block-image size-large\"><img loading=\"lazy\" decoding=\"async\" width=\"1024\" height=\"689\" src=\"https:\/\/www.r-h-autologistik.de\/wp-content\/uploads\/2024\/10\/stage-factory-1024x689.jpg\" alt=\"\" class=\"wp-image-842\" srcset=\"https:\/\/www.r-h-autologistik.de\/wp-content\/uploads\/2024\/10\/stage-factory-1024x689.jpg 1024w, https:\/\/www.r-h-autologistik.de\/wp-content\/uploads\/2024\/10\/stage-factory-300x202.jpg 300w, https:\/\/www.r-h-autologistik.de\/wp-content\/uploads\/2024\/10\/stage-factory-768x516.jpg 768w, https:\/\/www.r-h-autologistik.de\/wp-content\/uploads\/2024\/10\/stage-factory.jpg 1514w\" sizes=\"auto, (max-width: 1024px) 100vw, 1024px\" \/><\/figure>\n\n\n\n<p>We are committed to cultural and sporting events as well as charitable and social initiatives in Gro\u00df-Gerau, the location of our company headquarters.<\/p>\n\n\n\n<p>We have been supporting Stage Factory e.V. Gro\u00df-Gerau as a sponsor since 2012.<\/p>\n\n\n\n<figure class=\"wp-block-image size-full is-resized\"><a href=\"https:\/\/www.stage-factory.de\/\"><img loading=\"lazy\" decoding=\"async\" width=\"896\" height=\"336\" src=\"https:\/\/www.r-h-autologistik.de\/wp-content\/uploads\/2024\/10\/stage-factory-2.jpg\" alt=\"\" class=\"wp-image-844\" style=\"width:226px;height:auto\" srcset=\"https:\/\/www.r-h-autologistik.de\/wp-content\/uploads\/2024\/10\/stage-factory-2.jpg 896w, https:\/\/www.r-h-autologistik.de\/wp-content\/uploads\/2024\/10\/stage-factory-2-300x113.jpg 300w, https:\/\/www.r-h-autologistik.de\/wp-content\/uploads\/2024\/10\/stage-factory-2-768x288.jpg 768w\" sizes=\"auto, (max-width: 896px) 100vw, 896px\" \/><\/a><\/figure>\n\n\n\n<div style=\"height:100px\" aria-hidden=\"true\" class=\"wp-block-spacer\"><\/div>\n\n\n\n<figure class=\"wp-block-image size-large\"><img loading=\"lazy\" decoding=\"async\" width=\"1024\" height=\"406\" src=\"https:\/\/www.r-h-autologistik.de\/wp-content\/uploads\/2024\/10\/speedskateing-1024x406.jpg\" alt=\"\" class=\"wp-image-848\" srcset=\"https:\/\/www.r-h-autologistik.de\/wp-content\/uploads\/2024\/10\/speedskateing-1024x406.jpg 1024w, https:\/\/www.r-h-autologistik.de\/wp-content\/uploads\/2024\/10\/speedskateing-300x119.jpg 300w, https:\/\/www.r-h-autologistik.de\/wp-content\/uploads\/2024\/10\/speedskateing-768x304.jpg 768w, https:\/\/www.r-h-autologistik.de\/wp-content\/uploads\/2024\/10\/speedskateing-1536x608.jpg 1536w, https:\/\/www.r-h-autologistik.de\/wp-content\/uploads\/2024\/10\/speedskateing.jpg 1712w\" sizes=\"auto, (max-width: 1024px) 100vw, 1024px\" \/><\/figure>\n\n\n\n<p>Since 2023, we have been supporting the speed skating department of the Blau-Gelb Gro\u00df-Gerau e.V. sports club as a sponsor.<\/p>\n\n\n\n<figure class=\"wp-block-image size-full is-resized\"><a href=\"https:\/\/speedskater-gg.de\/\"><img loading=\"lazy\" decoding=\"async\" width=\"638\" height=\"434\" src=\"https:\/\/www.r-h-autologistik.de\/wp-content\/uploads\/2024\/10\/speedskating-gross-gerau.jpg\" alt=\"\" class=\"wp-image-850\" style=\"width:209px;height:auto\" srcset=\"https:\/\/www.r-h-autologistik.de\/wp-content\/uploads\/2024\/10\/speedskating-gross-gerau.jpg 638w, https:\/\/www.r-h-autologistik.de\/wp-content\/uploads\/2024\/10\/speedskating-gross-gerau-300x204.jpg 300w\" sizes=\"auto, (max-width: 638px) 100vw, 638px\" \/><\/a><\/figure>\n<\/div>\n<\/div>\n\n\n\n<div style=\"height:20px\" aria-hidden=\"true\" class=\"wp-block-spacer\"><\/div>\n\n\n\n<div style=\"height:20px\" aria-hidden=\"true\" class=\"wp-block-spacer\"><\/div>\n\n\n\n<div class=\"wp-block-columns is-layout-flex wp-container-core-columns-is-layout-9d6595d7 wp-block-columns-is-layout-flex\">\n<div class=\"wp-block-column is-layout-flow wp-block-column-is-layout-flow\"><\/div>\n\n\n\n<div class=\"wp-block-column is-layout-flow wp-block-column-is-layout-flow\"><\/div>\n<\/div>\n","protected":false},"excerpt":{"rendered":"<p>We are committed to cultural and sporting events as well as charitable and social initiatives in Gro\u00df-Gerau, the location of our company headquarters. We have been supporting Stage Factory e.V. Gro\u00df-Gerau as a sponsor since 2012. Since 2023, we have been supporting the speed skating department of the Blau-Gelb Gro\u00df-Gerau e.V. sports club as a [&hellip;]<\/p>\n","protected":false},"author":1,"featured_media":0,"parent":0,"menu_order":40,"comment_status":"closed","ping_status":"closed","template":"","meta":{"footnotes":""},"class_list":["post-1280","page","type-page","status-publish","hentry"],"yoast_head":"<!-- This site is optimized with the Yoast SEO plugin v27.5 - https:\/\/yoast.com\/product\/yoast-seo-wordpress\/ -->\n<title>Social responsibility &#8226; R+H Autologistik GmbH &amp; Co.KG<\/title>\n<meta name=\"robots\" content=\"index, follow, max-snippet:-1, max-image-preview:large, max-video-preview:-1\" \/>\n<link rel=\"canonical\" href=\"https:\/\/www.r-h-autologistik.de\/en\/social-responsibility\/\" \/>\n<meta property=\"og:locale\" content=\"en_US\" \/>\n<meta property=\"og:type\" content=\"article\" \/>\n<meta property=\"og:title\" content=\"Social responsibility &#8226; R+H Autologistik GmbH &amp; Co.KG\" \/>\n<meta property=\"og:description\" content=\"We are committed to cultural and sporting events as well as charitable and social initiatives in Gro\u00df-Gerau, the location of our company headquarters. We have been supporting Stage Factory e.V. Gro\u00df-Gerau as a sponsor since 2012. Since 2023, we have been supporting the speed skating department of the Blau-Gelb Gro\u00df-Gerau e.V. sports club as a [&hellip;]\" \/>\n<meta property=\"og:url\" content=\"https:\/\/www.r-h-autologistik.de\/en\/social-responsibility\/\" \/>\n<meta property=\"og:site_name\" content=\"R+H Autologistik GmbH &amp; Co.KG\" \/>\n<meta property=\"article:modified_time\" content=\"2024-11-06T10:12:41+00:00\" \/>\n<meta property=\"og:image\" content=\"https:\/\/www.r-h-autologistik.de\/wp-content\/uploads\/2024\/10\/stage-factory.jpg\" \/>\n\t<meta property=\"og:image:width\" content=\"1514\" \/>\n\t<meta property=\"og:image:height\" content=\"1018\" \/>\n\t<meta property=\"og:image:type\" content=\"image\/jpeg\" \/>\n<script type=\"application\/ld+json\" class=\"yoast-schema-graph\">{\"@context\":\"https:\\\/\\\/schema.org\",\"@graph\":[{\"@type\":\"WebPage\",\"@id\":\"https:\\\/\\\/www.r-h-autologistik.de\\\/en\\\/social-responsibility\\\/\",\"url\":\"https:\\\/\\\/www.r-h-autologistik.de\\\/en\\\/social-responsibility\\\/\",\"name\":\"Social responsibility &#8226; R+H Autologistik GmbH &amp; Co.KG\",\"isPartOf\":{\"@id\":\"https:\\\/\\\/www.r-h-autologistik.de\\\/en\\\/#website\"},\"primaryImageOfPage\":{\"@id\":\"https:\\\/\\\/www.r-h-autologistik.de\\\/en\\\/social-responsibility\\\/#primaryimage\"},\"image\":{\"@id\":\"https:\\\/\\\/www.r-h-autologistik.de\\\/en\\\/social-responsibility\\\/#primaryimage\"},\"thumbnailUrl\":\"https:\\\/\\\/www.r-h-autologistik.de\\\/wp-content\\\/uploads\\\/2024\\\/10\\\/stage-factory-1024x689.jpg\",\"datePublished\":\"2024-10-18T15:12:03+00:00\",\"dateModified\":\"2024-11-06T10:12:41+00:00\",\"breadcrumb\":{\"@id\":\"https:\\\/\\\/www.r-h-autologistik.de\\\/en\\\/social-responsibility\\\/#breadcrumb\"},\"inLanguage\":\"en-US\",\"potentialAction\":[{\"@type\":\"ReadAction\",\"target\":[\"https:\\\/\\\/www.r-h-autologistik.de\\\/en\\\/social-responsibility\\\/\"]}]},{\"@type\":\"ImageObject\",\"inLanguage\":\"en-US\",\"@id\":\"https:\\\/\\\/www.r-h-autologistik.de\\\/en\\\/social-responsibility\\\/#primaryimage\",\"url\":\"https:\\\/\\\/www.r-h-autologistik.de\\\/wp-content\\\/uploads\\\/2024\\\/10\\\/stage-factory-1024x689.jpg\",\"contentUrl\":\"https:\\\/\\\/www.r-h-autologistik.de\\\/wp-content\\\/uploads\\\/2024\\\/10\\\/stage-factory-1024x689.jpg\"},{\"@type\":\"BreadcrumbList\",\"@id\":\"https:\\\/\\\/www.r-h-autologistik.de\\\/en\\\/social-responsibility\\\/#breadcrumb\",\"itemListElement\":[{\"@type\":\"ListItem\",\"position\":1,\"name\":\"Startseite\",\"item\":\"https:\\\/\\\/www.r-h-autologistik.de\\\/en\\\/\"},{\"@type\":\"ListItem\",\"position\":2,\"name\":\"Social responsibility\"}]},{\"@type\":\"WebSite\",\"@id\":\"https:\\\/\\\/www.r-h-autologistik.de\\\/en\\\/#website\",\"url\":\"https:\\\/\\\/www.r-h-autologistik.de\\\/en\\\/\",\"name\":\"R+H Autologistik GmbH &amp; Co.KG\",\"description\":\"INTERNATIONAL. ZUVERL\u00c4SSIG. SICHER.\\u2028\",\"potentialAction\":[{\"@type\":\"SearchAction\",\"target\":{\"@type\":\"EntryPoint\",\"urlTemplate\":\"https:\\\/\\\/www.r-h-autologistik.de\\\/en\\\/?s={search_term_string}\"},\"query-input\":{\"@type\":\"PropertyValueSpecification\",\"valueRequired\":true,\"valueName\":\"search_term_string\"}}],\"inLanguage\":\"en-US\"}]}<\/script>\n<!-- \/ Yoast SEO plugin. -->","yoast_head_json":{"title":"Social responsibility &#8226; R+H Autologistik GmbH &amp; Co.KG","robots":{"index":"index","follow":"follow","max-snippet":"max-snippet:-1","max-image-preview":"max-image-preview:large","max-video-preview":"max-video-preview:-1"},"canonical":"https:\/\/www.r-h-autologistik.de\/en\/social-responsibility\/","og_locale":"en_US","og_type":"article","og_title":"Social responsibility &#8226; R+H Autologistik GmbH &amp; Co.KG","og_description":"We are committed to cultural and sporting events as well as charitable and social initiatives in Gro\u00df-Gerau, the location of our company headquarters. We have been supporting Stage Factory e.V. Gro\u00df-Gerau as a sponsor since 2012. Since 2023, we have been supporting the speed skating department of the Blau-Gelb Gro\u00df-Gerau e.V. sports club as a [&hellip;]","og_url":"https:\/\/www.r-h-autologistik.de\/en\/social-responsibility\/","og_site_name":"R+H Autologistik GmbH &amp; Co.KG","article_modified_time":"2024-11-06T10:12:41+00:00","og_image":[{"width":1514,"height":1018,"url":"https:\/\/www.r-h-autologistik.de\/wp-content\/uploads\/2024\/10\/stage-factory.jpg","type":"image\/jpeg"}],"schema":{"@context":"https:\/\/schema.org","@graph":[{"@type":"WebPage","@id":"https:\/\/www.r-h-autologistik.de\/en\/social-responsibility\/","url":"https:\/\/www.r-h-autologistik.de\/en\/social-responsibility\/","name":"Social responsibility &#8226; R+H Autologistik GmbH &amp; Co.KG","isPartOf":{"@id":"https:\/\/www.r-h-autologistik.de\/en\/#website"},"primaryImageOfPage":{"@id":"https:\/\/www.r-h-autologistik.de\/en\/social-responsibility\/#primaryimage"},"image":{"@id":"https:\/\/www.r-h-autologistik.de\/en\/social-responsibility\/#primaryimage"},"thumbnailUrl":"https:\/\/www.r-h-autologistik.de\/wp-content\/uploads\/2024\/10\/stage-factory-1024x689.jpg","datePublished":"2024-10-18T15:12:03+00:00","dateModified":"2024-11-06T10:12:41+00:00","breadcrumb":{"@id":"https:\/\/www.r-h-autologistik.de\/en\/social-responsibility\/#breadcrumb"},"inLanguage":"en-US","potentialAction":[{"@type":"ReadAction","target":["https:\/\/www.r-h-autologistik.de\/en\/social-responsibility\/"]}]},{"@type":"ImageObject","inLanguage":"en-US","@id":"https:\/\/www.r-h-autologistik.de\/en\/social-responsibility\/#primaryimage","url":"https:\/\/www.r-h-autologistik.de\/wp-content\/uploads\/2024\/10\/stage-factory-1024x689.jpg","contentUrl":"https:\/\/www.r-h-autologistik.de\/wp-content\/uploads\/2024\/10\/stage-factory-1024x689.jpg"},{"@type":"BreadcrumbList","@id":"https:\/\/www.r-h-autologistik.de\/en\/social-responsibility\/#breadcrumb","itemListElement":[{"@type":"ListItem","position":1,"name":"Startseite","item":"https:\/\/www.r-h-autologistik.de\/en\/"},{"@type":"ListItem","position":2,"name":"Social responsibility"}]},{"@type":"WebSite","@id":"https:\/\/www.r-h-autologistik.de\/en\/#website","url":"https:\/\/www.r-h-autologistik.de\/en\/","name":"R+H Autologistik GmbH &amp; Co.KG","description":"INTERNATIONAL. ZUVERL\u00c4SSIG. SICHER.\u2028","potentialAction":[{"@type":"SearchAction","target":{"@type":"EntryPoint","urlTemplate":"https:\/\/www.r-h-autologistik.de\/en\/?s={search_term_string}"},"query-input":{"@type":"PropertyValueSpecification","valueRequired":true,"valueName":"search_term_string"}}],"inLanguage":"en-US"}]}},"_links":{"self":[{"href":"https:\/\/www.r-h-autologistik.de\/en\/wp-json\/wp\/v2\/pages\/1280","targetHints":{"allow":["GET"]}}],"collection":[{"href":"https:\/\/www.r-h-autologistik.de\/en\/wp-json\/wp\/v2\/pages"}],"about":[{"href":"https:\/\/www.r-h-autologistik.de\/en\/wp-json\/wp\/v2\/types\/page"}],"author":[{"embeddable":true,"href":"https:\/\/www.r-h-autologistik.de\/en\/wp-json\/wp\/v2\/users\/1"}],"replies":[{"embeddable":true,"href":"https:\/\/www.r-h-autologistik.de\/en\/wp-json\/wp\/v2\/comments?post=1280"}],"version-history":[{"count":3,"href":"https:\/\/www.r-h-autologistik.de\/en\/wp-json\/wp\/v2\/pages\/1280\/revisions"}],"predecessor-version":[{"id":1286,"href":"https:\/\/www.r-h-autologistik.de\/en\/wp-json\/wp\/v2\/pages\/1280\/revisions\/1286"}],"wp:attachment":[{"href":"https:\/\/www.r-h-autologistik.de\/en\/wp-json\/wp\/v2\/media?parent=1280"}],"curies":[{"name":"wp","href":"https:\/\/api.w.org\/{rel}","templated":true}]}}